{"id":1133,"date":"2024-09-25T18:32:36","date_gmt":"2024-09-25T16:32:36","guid":{"rendered":"https:\/\/proyectosmaritimos.com\/?page_id=1133"},"modified":"2024-09-26T00:18:00","modified_gmt":"2024-09-25T22:18:00","slug":"noticias","status":"publish","type":"page","link":"https:\/\/proyectosmaritimos.com\/en\/noticias\/","title":{"rendered":"News"},"content":{"rendered":"<div data-elementor-type=\"wp-page\" data-elementor-id=\"1133\" class=\"elementor elementor-1133\" data-elementor-post-type=\"page\">\n\t\t\t\t\t\t<section data-particle_enable=\"false\" data-particle-mobile-disabled=\"false\" class=\"elementor-section elementor-top-section elementor-element elementor-element-70921b9 elementor-section-boxed elementor-section-height-default elementor-section-height-default\" data-id=\"70921b9\" data-element_type=\"section\" data-settings=\"{&quot;background_background&quot;:&quot;classic&quot;}\">\n\t\t\t\t\t\t<div class=\"elementor-container elementor-column-gap-default\">\n\t\t\t\t\t<div class=\"elementor-column elementor-col-100 elementor-top-column elementor-element elementor-element-c1781e9\" data-id=\"c1781e9\" data-element_type=\"column\">\n\t\t\t<div class=\"elementor-widget-wrap elementor-element-populated\">\n\t\t\t\t\t\t<div class=\"elementor-element elementor-element-27d1352 elementor-widget-divider--view-line elementor-widget elementor-widget-divider\" data-id=\"27d1352\" data-element_type=\"widget\" data-widget_type=\"divider.default\">\n\t\t\t\t<div class=\"elementor-widget-container\">\n\t\t\t\t\t<div class=\"elementor-divider\">\n\t\t\t<span class=\"elementor-divider-separator\">\n\t\t\t\t\t\t<\/span>\n\t\t<\/div>\n\t\t\t\t<\/div>\n\t\t\t\t<\/div>\n\t\t\t\t<div class=\"elementor-element elementor-element-9df374f elementor-widget elementor-widget-heading\" data-id=\"9df374f\" data-element_type=\"widget\" data-widget_type=\"heading.default\">\n\t\t\t\t<div class=\"elementor-widget-container\">\n\t\t\t<h2 class=\"elementor-heading-title elementor-size-default\">Maritime Sector News<\/h2>\t\t<\/div>\n\t\t\t\t<\/div>\n\t\t\t\t<div class=\"elementor-element elementor-element-68074da elementor-widget-divider--view-line elementor-widget elementor-widget-divider\" data-id=\"68074da\" data-element_type=\"widget\" data-widget_type=\"divider.default\">\n\t\t\t\t<div class=\"elementor-widget-container\">\n\t\t\t\t\t<div class=\"elementor-divider\">\n\t\t\t<span class=\"elementor-divider-separator\">\n\t\t\t\t\t\t<\/span>\n\t\t<\/div>\n\t\t\t\t<\/div>\n\t\t\t\t<\/div>\n\t\t\t\t\t<\/div>\n\t\t<\/div>\n\t\t\t\t\t<\/div>\n\t\t<\/section>\n\t\t\t\t<section data-particle_enable=\"false\" data-particle-mobile-disabled=\"false\" class=\"elementor-section elementor-top-section elementor-element elementor-element-74703fab elementor-section-boxed elementor-section-height-default elementor-section-height-default\" data-id=\"74703fab\" data-element_type=\"section\" data-settings=\"{&quot;background_background&quot;:&quot;classic&quot;}\">\n\t\t\t\t\t\t<div class=\"elementor-container elementor-column-gap-default\">\n\t\t\t\t\t<div class=\"elementor-column elementor-col-100 elementor-top-column elementor-element elementor-element-26f0b05e\" data-id=\"26f0b05e\" data-element_type=\"column\">\n\t\t\t<div class=\"elementor-widget-wrap elementor-element-populated\">\n\t\t\t\t\t\t<div class=\"elementor-element elementor-element-d648e1e elementor-widget elementor-widget-eael-post-list\" data-id=\"d648e1e\" data-element_type=\"widget\" data-widget_type=\"eael-post-list.default\">\n\t\t\t\t<div class=\"elementor-widget-container\">\n\t\t\t<div class=\"eael-post-list-container default layout-default\"><div class=\"eael-post-list-header\"><div class=\"header-title\">\n                            <h2 class=\"title\">pUBLICACIONES RECIENTES<\/h2>\n                        <\/div><div class=\"post-categories\" data-nonce=\"4346bea69a\" data-page-id=\"1133\" data-widget-id=\"d648e1e\" data-widget=\"d648e1e\" data-class=\"Essential_Addons_Elementor\\Pro\\Elements\\Post_List\" data-args=\"orderby=date&amp;order=desc&amp;ignore_sticky_posts=1&amp;post_status=publish&amp;posts_per_page=6&amp;offset=0&amp;post_type=post\" data-settings=\"eael_post_list_post_feature_image=yes&amp;eael_post_list_post_meta=yes&amp;eael_post_list_post_title=yes&amp;eael_post_list_post_excerpt=no&amp;eael_post_list_featured_area=yes&amp;eael_post_list_featured_meta=yes&amp;eael_post_list_featured_title=yes&amp;eael_post_list_featured_excerpt=&amp;featured_posts=&amp;eael_post_list_pagination=yes&amp;eael_post_list_layout_type=default&amp;eael_post_list_post_cat=&amp;eael_post_list_title_tag=h2&amp;eael_post_featured_image_size=1536x1536\" data-page=\"1\" data-scroll-on-pagination=\"1\" data-scroll-offset=\"100\" data-template=\"{&quot;dir&quot;:&quot;pro&quot;,&quot;file_name&quot;:&quot;default.php&quot;,&quot;name&quot;:&quot;Post-List&quot;}\">\n                            <a href=\"javascript:;\" data-taxonomy=\"all\" data-id=\"\" class=\"active post-list-filter-item post-list-cat-d648e1e\"><\/a><\/div><\/div><div class=\"eael-post-list-wrap\"><div class=\"eael-post-list-posts-wrap eael-post-appender eael-post-appender-d648e1e\"><div class=\"eael-post-list-post\"><div class=\"eael-post-list-thumbnail\"><a href=\"https:\/\/proyectosmaritimos.com\/en\/2024\/09\/29\/guardacostas-de-la-marina-los-buques-chinos-que-ingresan-no-pescan-en-el-mar-peruano\/\">\n                            <img decoding=\"async\" src=\"https:\/\/proyectosmaritimos.com\/wp-content\/uploads\/2024\/09\/BARCO_CHINO_PROYECTOS_MARITIMOS.png\" alt=\"\">\n                        <\/a><\/div><div class=\"eael-post-list-content\"><h2 class=\"eael-post-list-title\"><a href=\"https:\/\/proyectosmaritimos.com\/en\/2024\/09\/29\/guardacostas-de-la-marina-los-buques-chinos-que-ingresan-no-pescan-en-el-mar-peruano\/\" >Coast Guard of the Navy: 'The Chinese vessels entering do not fish in Peruvian waters<\/a><\/h2><div class=\"meta\">\n                    <span><i class=\"far fa-calendar-alt\"><\/i> 29 de September de 2024<\/span>\n                <\/div><\/div><\/div><div class=\"eael-post-list-post\"><div class=\"eael-post-list-thumbnail\"><a href=\"https:\/\/proyectosmaritimos.com\/en\/2024\/09\/29\/la-industria-naval-peruana-oportunidad-de-us-110-millones-para-empresas-nacionales\/\">\n                            <img decoding=\"async\" src=\"https:\/\/proyectosmaritimos.com\/wp-content\/uploads\/2024\/09\/La-industria-naval-peruana.png\" alt=\"\">\n                        <\/a><\/div><div class=\"eael-post-list-content\"><h2 class=\"eael-post-list-title\"><a href=\"https:\/\/proyectosmaritimos.com\/en\/2024\/09\/29\/la-industria-naval-peruana-oportunidad-de-us-110-millones-para-empresas-nacionales\/\" >The Peruvian shipbuilding industry: A US$ 110 million opportunity for national companies?<\/a><\/h2><div class=\"meta\">\n                    <span><i class=\"far fa-calendar-alt\"><\/i> 29 de September de 2024<\/span>\n                <\/div><\/div><\/div><div class=\"eael-post-list-post\"><div class=\"eael-post-list-thumbnail\"><a href=\"https:\/\/proyectosmaritimos.com\/en\/2024\/09\/26\/china-impulsa-la-industria-pesquera-en-el-peru-con-llegada-de-embarcaciones-del-pais-asiatico\/\">\n                            <img decoding=\"async\" src=\"https:\/\/proyectosmaritimos.com\/wp-content\/uploads\/2024\/09\/China-impulsa-la-industria-pesquera-en-el-Peru-con-llegada-de-embarcaciones-del-pais-asiatico.png\" alt=\"\">\n                        <\/a><\/div><div class=\"eael-post-list-content\"><h2 class=\"eael-post-list-title\"><a href=\"https:\/\/proyectosmaritimos.com\/en\/2024\/09\/26\/china-impulsa-la-industria-pesquera-en-el-peru-con-llegada-de-embarcaciones-del-pais-asiatico\/\" >China Boosts the Fishing Industry in Peru with Arrival of Vessels from the Asian Country<\/a><\/h2><div class=\"meta\">\n                    <span><i class=\"far fa-calendar-alt\"><\/i> 26 de September de 2024<\/span>\n                <\/div><\/div><\/div><div class=\"eael-post-list-post\"><div class=\"eael-post-list-thumbnail\"><a href=\"https:\/\/proyectosmaritimos.com\/en\/2024\/09\/26\/entrevista-brindada-por-fernando-moreno-gerente-general-del-grupomar-peru-diario-trome\/\">\n                            <img decoding=\"async\" src=\"https:\/\/proyectosmaritimos.com\/wp-content\/uploads\/2024\/09\/Fernando-Moreno-gerente-general-del-GrupoMar-Peru-se-refirio-al-complejo-porvenir-en-el-sector-pesquero.png\" alt=\"\">\n                        <\/a><\/div><div class=\"eael-post-list-content\"><h2 class=\"eael-post-list-title\"><a href=\"https:\/\/proyectosmaritimos.com\/en\/2024\/09\/26\/entrevista-brindada-por-fernando-moreno-gerente-general-del-grupomar-peru-diario-trome\/\" >Interview given by Fernando Moreno, General Manager of GrupoMar Per\u00fa (Trome Newspaper)<\/a><\/h2><div class=\"meta\">\n                    <span><i class=\"far fa-calendar-alt\"><\/i> 26 de September de 2024<\/span>\n                <\/div><\/div><\/div><div class=\"eael-post-list-post\"><div class=\"eael-post-list-thumbnail\"><a href=\"https:\/\/proyectosmaritimos.com\/en\/2024\/09\/24\/erick-valdez-gerente-de-la-gestora-comercial-linfarmet-explica-la-realidad-de-las-entradas-de-embarcaciones-pesqueras-extranjeras-al-pais\/\">\n                            <img decoding=\"async\" src=\"https:\/\/proyectosmaritimos.com\/wp-content\/uploads\/2024\/09\/ERICK_VALDEZ_PROYECTOS-MARITIMOS-1.png\" alt=\"\">\n                        <\/a><\/div><div class=\"eael-post-list-content\"><h2 class=\"eael-post-list-title\"><a href=\"https:\/\/proyectosmaritimos.com\/en\/2024\/09\/24\/erick-valdez-gerente-de-la-gestora-comercial-linfarmet-explica-la-realidad-de-las-entradas-de-embarcaciones-pesqueras-extranjeras-al-pais\/\" >Erick Valdez, manager of the commercial manager LINFARMET, explains the reality of foreign fishing vessels entering the country<\/a><\/h2><div class=\"meta\">\n                    <span><i class=\"far fa-calendar-alt\"><\/i> 24 de September de 2024<\/span>\n                <\/div><\/div><\/div><div class=\"eael-post-list-post\"><div class=\"eael-post-list-thumbnail\"><a href=\"https:\/\/proyectosmaritimos.com\/en\/2024\/09\/24\/fernando-moreno-lesevic-expresidente-de-la-camara-del-atun-nos-detalla-sobre-la-labor-de-los-astilleros-y-el-aporte-a-la-economia-pesquera-del-peru\/\">\n                            <img decoding=\"async\" src=\"https:\/\/proyectosmaritimos.com\/wp-content\/uploads\/2024\/09\/ASTILLEROS_PROYECTOS_MARITIMOS.png\" alt=\"\">\n                        <\/a><\/div><div class=\"eael-post-list-content\"><h2 class=\"eael-post-list-title\"><a href=\"https:\/\/proyectosmaritimos.com\/en\/2024\/09\/24\/fernando-moreno-lesevic-expresidente-de-la-camara-del-atun-nos-detalla-sobre-la-labor-de-los-astilleros-y-el-aporte-a-la-economia-pesquera-del-peru\/\" >Fernando Moreno Lesevic, former president of the Tuna Chamber, details the work of shipyards and their contribution to the fishing economy of Peru<\/a><\/h2><div class=\"meta\">\n                    <span><i class=\"far fa-calendar-alt\"><\/i> 24 de September de 2024<\/span>\n                <\/div><\/div><\/div><\/div><\/div>\n\t\t<\/div><div data-nonce=\"4346bea69a\" class=\"post-list-pagination\" data-widget-id=\"d648e1e\" data-widget=\"d648e1e\" data-page-id=\"1133\" data-class=\"Essential_Addons_Elementor\\Pro\\Elements\\Post_List\" data-args=\"orderby=date&amp;order=desc&amp;ignore_sticky_posts=1&amp;post_status=publish&amp;posts_per_page=6&amp;offset=0&amp;post_type=post\" data-settings=\"eael_post_list_post_feature_image=yes&amp;eael_post_list_post_meta=yes&amp;eael_post_list_post_title=yes&amp;eael_post_list_post_excerpt=no&amp;eael_post_list_featured_area=yes&amp;eael_post_list_featured_meta=yes&amp;eael_post_list_featured_title=yes&amp;eael_post_list_featured_excerpt=&amp;featured_posts=&amp;eael_post_list_pagination=yes&amp;eael_post_list_layout_type=default&amp;eael_post_list_post_cat=&amp;eael_post_list_title_tag=h2&amp;eael_post_featured_image_size=1536x1536\" data-page=\"1\" data-scroll-on-pagination=\"1\" data-scroll-offset=\"100\" data-template=\"{&quot;dir&quot;:&quot;pro&quot;,&quot;file_name&quot;:&quot;default.php&quot;,&quot;name&quot;:&quot;Post-List&quot;}\">\n                <button class=\"btn btn-prev-post\" id=\"post-nav-prev-d648e1e\" disabled=\"true\"><i aria-hidden=\"true\" class=\"fas fa-angle-left\"><\/i><\/button><button class=\"btn btn-next-post\" id=\"post-nav-next-d648e1e\"><i aria-hidden=\"true\" class=\"fas fa-angle-right\"><\/i><\/button>\n\t\t\t<\/div>\t\t<\/div>\n\t\t\t\t<\/div>\n\t\t\t\t\t<\/div>\n\t\t<\/div>\n\t\t\t\t\t<\/div>\n\t\t<\/section>\n\t\t\t\t<section data-particle_enable=\"false\" data-particle-mobile-disabled=\"false\" class=\"elementor-section elementor-top-section elementor-element elementor-element-45f03a8c elementor-section-boxed elementor-section-height-default elementor-section-height-default\" data-id=\"45f03a8c\" data-element_type=\"section\">\n\t\t\t\t\t\t<div class=\"elementor-container elementor-column-gap-default\">\n\t\t\t\t\t<div class=\"elementor-column elementor-col-100 elementor-top-column elementor-element elementor-element-1e069655\" data-id=\"1e069655\" data-element_type=\"column\">\n\t\t\t<div class=\"elementor-widget-wrap\">\n\t\t\t\t\t\t\t<\/div>\n\t\t<\/div>\n\t\t\t\t\t<\/div>\n\t\t<\/section>\n\t\t\t\t<\/div>","protected":false},"excerpt":{"rendered":"<p>NOTICIAS DEL SECTOR MAR\u00cdTIMO pUBLICACIONES RECIENTES China impulsa la industria pesquera en el Per\u00fa con llegada de embarcaciones del pa\u00eds asi\u00e1tico 26 de septiembre de 2024 Erick Valdez, gerente de la gestora comercial LINFARMET, explica la realidad de las entradas de embarcaciones pesqueras extranjeras al pa\u00eds. 24 de septiembre de 2024 \u00bfCu\u00e1les son las funciones [&hellip;]<\/p>","protected":false},"author":1,"featured_media":0,"parent":0,"menu_order":0,"comment_status":"closed","ping_status":"closed","template":"elementor_header_footer","meta":{"footnotes":""},"class_list":["post-1133","page","type-page","status-publish","hentry"],"yoast_head":"<!-- This site is optimized with the Yoast SEO plugin v23.6 - https:\/\/yoast.com\/wordpress\/plugins\/seo\/ -->\n<title>Noticias | Proyectos Maritimos<\/title>\n<meta name=\"robots\" content=\"index, follow, max-snippet:-1, max-image-preview:large, max-video-preview:-1\" \/>\n<link rel=\"canonical\" href=\"https:\/\/proyectosmaritimos.com\/en\/noticias\/\" \/>\n<meta property=\"og:locale\" content=\"en_US\" \/>\n<meta property=\"og:type\" content=\"article\" \/>\n<meta property=\"og:title\" content=\"Noticias | Proyectos Maritimos\" \/>\n<meta property=\"og:description\" content=\"NOTICIAS DEL SECTOR MAR\u00cdTIMO pUBLICACIONES RECIENTES China impulsa la industria pesquera en el Per\u00fa con llegada de embarcaciones del pa\u00eds asi\u00e1tico 26 de septiembre de 2024 Erick Valdez, gerente de la gestora comercial LINFARMET, explica la realidad de las entradas de embarcaciones pesqueras extranjeras al pa\u00eds. 24 de septiembre de 2024 \u00bfCu\u00e1les son las funciones [&hellip;]\" \/>\n<meta property=\"og:url\" content=\"https:\/\/proyectosmaritimos.com\/en\/noticias\/\" \/>\n<meta property=\"og:site_name\" content=\"Proyectos Maritimos\" \/>\n<meta property=\"article:modified_time\" content=\"2024-09-25T22:18:00+00:00\" \/>\n<meta property=\"og:image\" content=\"https:\/\/proyectosmaritimos.com\/wp-content\/uploads\/2024\/09\/INDUSTRIA-PESQUERA-PROYECTOS-MARITIMOS.jpg\" \/>\n<meta name=\"twitter:card\" content=\"summary_large_image\" \/>\n<meta name=\"twitter:label1\" content=\"Est. reading time\" \/>\n\t<meta name=\"twitter:data1\" content=\"1 minute\" \/>\n<script type=\"application\/ld+json\" class=\"yoast-schema-graph\">{\"@context\":\"https:\/\/schema.org\",\"@graph\":[{\"@type\":\"WebPage\",\"@id\":\"https:\/\/proyectosmaritimos.com\/noticias\/\",\"url\":\"https:\/\/proyectosmaritimos.com\/noticias\/\",\"name\":\"Noticias | Proyectos Maritimos\",\"isPartOf\":{\"@id\":\"https:\/\/proyectosmaritimos.com\/es_es\/#website\"},\"primaryImageOfPage\":{\"@id\":\"https:\/\/proyectosmaritimos.com\/noticias\/#primaryimage\"},\"image\":{\"@id\":\"https:\/\/proyectosmaritimos.com\/noticias\/#primaryimage\"},\"thumbnailUrl\":\"https:\/\/proyectosmaritimos.com\/wp-content\/uploads\/2024\/09\/INDUSTRIA-PESQUERA-PROYECTOS-MARITIMOS.jpg\",\"datePublished\":\"2024-09-25T16:32:36+00:00\",\"dateModified\":\"2024-09-25T22:18:00+00:00\",\"breadcrumb\":{\"@id\":\"https:\/\/proyectosmaritimos.com\/noticias\/#breadcrumb\"},\"inLanguage\":\"en-US\",\"potentialAction\":[{\"@type\":\"ReadAction\",\"target\":[\"https:\/\/proyectosmaritimos.com\/noticias\/\"]}]},{\"@type\":\"ImageObject\",\"inLanguage\":\"en-US\",\"@id\":\"https:\/\/proyectosmaritimos.com\/noticias\/#primaryimage\",\"url\":\"https:\/\/proyectosmaritimos.com\/wp-content\/uploads\/2024\/09\/INDUSTRIA-PESQUERA-PROYECTOS-MARITIMOS.jpg\",\"contentUrl\":\"https:\/\/proyectosmaritimos.com\/wp-content\/uploads\/2024\/09\/INDUSTRIA-PESQUERA-PROYECTOS-MARITIMOS.jpg\"},{\"@type\":\"BreadcrumbList\",\"@id\":\"https:\/\/proyectosmaritimos.com\/noticias\/#breadcrumb\",\"itemListElement\":[{\"@type\":\"ListItem\",\"position\":1,\"name\":\"Portada\",\"item\":\"https:\/\/proyectosmaritimos.com\/\"},{\"@type\":\"ListItem\",\"position\":2,\"name\":\"Noticias\"}]},{\"@type\":\"WebSite\",\"@id\":\"https:\/\/proyectosmaritimos.com\/es_es\/#website\",\"url\":\"https:\/\/proyectosmaritimos.com\/es_es\/\",\"name\":\"Proyectos Mar\u00edtimos\",\"description\":\"Realizamos  proyectos mar\u00edtimos  y portuarios en Per\u00fa.  Facilitamos el comercio mar\u00edtimo  entre pa\u00edses.\",\"publisher\":{\"@id\":\"https:\/\/proyectosmaritimos.com\/es_es\/#organization\"},\"alternateName\":\"proyectosmaritimos.com\",\"potentialAction\":[{\"@type\":\"SearchAction\",\"target\":{\"@type\":\"EntryPoint\",\"urlTemplate\":\"https:\/\/proyectosmaritimos.com\/es_es\/?s={search_term_string}\"},\"query-input\":{\"@type\":\"PropertyValueSpecification\",\"valueRequired\":true,\"valueName\":\"search_term_string\"}}],\"inLanguage\":\"en-US\"},{\"@type\":\"Organization\",\"@id\":\"https:\/\/proyectosmaritimos.com\/es_es\/#organization\",\"name\":\"Proyectos Mar\u00edtimos\",\"alternateName\":\"proyectosmaritimos.com\",\"url\":\"https:\/\/proyectosmaritimos.com\/es_es\/\",\"logo\":{\"@type\":\"ImageObject\",\"inLanguage\":\"en-US\",\"@id\":\"https:\/\/proyectosmaritimos.com\/es_es\/#\/schema\/logo\/image\/\",\"url\":\"https:\/\/proyectosmaritimos.com\/wp-content\/uploads\/2024\/09\/cropped-FAVICON_PROYECTOS_MARITIMOS.png\",\"contentUrl\":\"https:\/\/proyectosmaritimos.com\/wp-content\/uploads\/2024\/09\/cropped-FAVICON_PROYECTOS_MARITIMOS.png\",\"width\":512,\"height\":512,\"caption\":\"Proyectos Mar\u00edtimos\"},\"image\":{\"@id\":\"https:\/\/proyectosmaritimos.com\/es_es\/#\/schema\/logo\/image\/\"}}]}<\/script>\n<!-- \/ Yoast SEO plugin. -->","yoast_head_json":{"title":"Noticias | Proyectos Maritimos","robots":{"index":"index","follow":"follow","max-snippet":"max-snippet:-1","max-image-preview":"max-image-preview:large","max-video-preview":"max-video-preview:-1"},"canonical":"https:\/\/proyectosmaritimos.com\/en\/noticias\/","og_locale":"en_US","og_type":"article","og_title":"Noticias | Proyectos Maritimos","og_description":"NOTICIAS DEL SECTOR MAR\u00cdTIMO pUBLICACIONES RECIENTES China impulsa la industria pesquera en el Per\u00fa con llegada de embarcaciones del pa\u00eds asi\u00e1tico 26 de septiembre de 2024 Erick Valdez, gerente de la gestora comercial LINFARMET, explica la realidad de las entradas de embarcaciones pesqueras extranjeras al pa\u00eds. 24 de septiembre de 2024 \u00bfCu\u00e1les son las funciones [&hellip;]","og_url":"https:\/\/proyectosmaritimos.com\/en\/noticias\/","og_site_name":"Proyectos Maritimos","article_modified_time":"2024-09-25T22:18:00+00:00","og_image":[{"url":"https:\/\/proyectosmaritimos.com\/wp-content\/uploads\/2024\/09\/INDUSTRIA-PESQUERA-PROYECTOS-MARITIMOS.jpg"}],"twitter_card":"summary_large_image","twitter_misc":{"Est. reading time":"1 minute"},"schema":{"@context":"https:\/\/schema.org","@graph":[{"@type":"WebPage","@id":"https:\/\/proyectosmaritimos.com\/noticias\/","url":"https:\/\/proyectosmaritimos.com\/noticias\/","name":"Noticias | Proyectos Maritimos","isPartOf":{"@id":"https:\/\/proyectosmaritimos.com\/es_es\/#website"},"primaryImageOfPage":{"@id":"https:\/\/proyectosmaritimos.com\/noticias\/#primaryimage"},"image":{"@id":"https:\/\/proyectosmaritimos.com\/noticias\/#primaryimage"},"thumbnailUrl":"https:\/\/proyectosmaritimos.com\/wp-content\/uploads\/2024\/09\/INDUSTRIA-PESQUERA-PROYECTOS-MARITIMOS.jpg","datePublished":"2024-09-25T16:32:36+00:00","dateModified":"2024-09-25T22:18:00+00:00","breadcrumb":{"@id":"https:\/\/proyectosmaritimos.com\/noticias\/#breadcrumb"},"inLanguage":"en-US","potentialAction":[{"@type":"ReadAction","target":["https:\/\/proyectosmaritimos.com\/noticias\/"]}]},{"@type":"ImageObject","inLanguage":"en-US","@id":"https:\/\/proyectosmaritimos.com\/noticias\/#primaryimage","url":"https:\/\/proyectosmaritimos.com\/wp-content\/uploads\/2024\/09\/INDUSTRIA-PESQUERA-PROYECTOS-MARITIMOS.jpg","contentUrl":"https:\/\/proyectosmaritimos.com\/wp-content\/uploads\/2024\/09\/INDUSTRIA-PESQUERA-PROYECTOS-MARITIMOS.jpg"},{"@type":"BreadcrumbList","@id":"https:\/\/proyectosmaritimos.com\/noticias\/#breadcrumb","itemListElement":[{"@type":"ListItem","position":1,"name":"Portada","item":"https:\/\/proyectosmaritimos.com\/"},{"@type":"ListItem","position":2,"name":"Noticias"}]},{"@type":"WebSite","@id":"https:\/\/proyectosmaritimos.com\/es_es\/#website","url":"https:\/\/proyectosmaritimos.com\/es_es\/","name":"Proyectos Mar\u00edtimos","description":"Realizamos  proyectos mar\u00edtimos  y portuarios en Per\u00fa.  Facilitamos el comercio mar\u00edtimo  entre pa\u00edses.","publisher":{"@id":"https:\/\/proyectosmaritimos.com\/es_es\/#organization"},"alternateName":"proyectosmaritimos.com","potentialAction":[{"@type":"SearchAction","target":{"@type":"EntryPoint","urlTemplate":"https:\/\/proyectosmaritimos.com\/es_es\/?s={search_term_string}"},"query-input":{"@type":"PropertyValueSpecification","valueRequired":true,"valueName":"search_term_string"}}],"inLanguage":"en-US"},{"@type":"Organization","@id":"https:\/\/proyectosmaritimos.com\/es_es\/#organization","name":"Proyectos Mar\u00edtimos","alternateName":"proyectosmaritimos.com","url":"https:\/\/proyectosmaritimos.com\/es_es\/","logo":{"@type":"ImageObject","inLanguage":"en-US","@id":"https:\/\/proyectosmaritimos.com\/es_es\/#\/schema\/logo\/image\/","url":"https:\/\/proyectosmaritimos.com\/wp-content\/uploads\/2024\/09\/cropped-FAVICON_PROYECTOS_MARITIMOS.png","contentUrl":"https:\/\/proyectosmaritimos.com\/wp-content\/uploads\/2024\/09\/cropped-FAVICON_PROYECTOS_MARITIMOS.png","width":512,"height":512,"caption":"Proyectos Mar\u00edtimos"},"image":{"@id":"https:\/\/proyectosmaritimos.com\/es_es\/#\/schema\/logo\/image\/"}}]}},"_links":{"self":[{"href":"https:\/\/proyectosmaritimos.com\/en\/wp-json\/wp\/v2\/pages\/1133","targetHints":{"allow":["GET"]}}],"collection":[{"href":"https:\/\/proyectosmaritimos.com\/en\/wp-json\/wp\/v2\/pages"}],"about":[{"href":"https:\/\/proyectosmaritimos.com\/en\/wp-json\/wp\/v2\/types\/page"}],"author":[{"embeddable":true,"href":"https:\/\/proyectosmaritimos.com\/en\/wp-json\/wp\/v2\/users\/1"}],"replies":[{"embeddable":true,"href":"https:\/\/proyectosmaritimos.com\/en\/wp-json\/wp\/v2\/comments?post=1133"}],"version-history":[{"count":58,"href":"https:\/\/proyectosmaritimos.com\/en\/wp-json\/wp\/v2\/pages\/1133\/revisions"}],"predecessor-version":[{"id":1327,"href":"https:\/\/proyectosmaritimos.com\/en\/wp-json\/wp\/v2\/pages\/1133\/revisions\/1327"}],"wp:attachment":[{"href":"https:\/\/proyectosmaritimos.com\/en\/wp-json\/wp\/v2\/media?parent=1133"}],"curies":[{"name":"wp","href":"https:\/\/api.w.org\/{rel}","templated":true}]}}