{"id":1617,"date":"2024-09-29T18:19:13","date_gmt":"2024-09-29T16:19:13","guid":{"rendered":"https:\/\/proyectosmaritimos.com\/?page_id=1617"},"modified":"2026-04-28T23:09:37","modified_gmt":"2026-04-28T21:09:37","slug":"galeria","status":"publish","type":"page","link":"https:\/\/proyectosmaritimos.com\/es_es\/galeria\/","title":{"rendered":"Galer\u00eda"},"content":{"rendered":"\t\t<div data-elementor-type=\"wp-page\" data-elementor-id=\"1617\" class=\"elementor elementor-1617\" data-elementor-post-type=\"page\">\n\t\t\t\t\t\t<section data-particle_enable=\"false\" data-particle-mobile-disabled=\"false\" class=\"elementor-section elementor-top-section elementor-element elementor-element-3773669f elementor-section-boxed elementor-section-height-default elementor-section-height-default\" data-id=\"3773669f\" data-element_type=\"section\" data-settings=\"{&quot;background_background&quot;:&quot;classic&quot;}\">\n\t\t\t\t\t\t<div class=\"elementor-container elementor-column-gap-no\">\n\t\t\t\t\t<div class=\"elementor-column elementor-col-50 elementor-top-column elementor-element elementor-element-5736f898\" data-id=\"5736f898\" data-element_type=\"column\">\n\t\t\t<div class=\"elementor-widget-wrap elementor-element-populated\">\n\t\t\t\t\t\t<section data-particle_enable=\"false\" data-particle-mobile-disabled=\"false\" class=\"elementor-section elementor-inner-section elementor-element elementor-element-45f55c59 elementor-section-boxed elementor-section-height-default elementor-section-height-default\" data-id=\"45f55c59\" data-element_type=\"section\">\n\t\t\t\t\t\t<div class=\"elementor-container elementor-column-gap-default\">\n\t\t\t\t\t<div class=\"elementor-column elementor-col-100 elementor-inner-column elementor-element elementor-element-677bbddf\" data-id=\"677bbddf\" data-element_type=\"column\">\n\t\t\t<div class=\"elementor-widget-wrap elementor-element-populated\">\n\t\t\t\t\t\t<div class=\"elementor-element elementor-element-6176bbd elementor-widget elementor-widget-heading\" data-id=\"6176bbd\" data-element_type=\"widget\" data-widget_type=\"heading.default\">\n\t\t\t\t<div class=\"elementor-widget-container\">\n\t\t\t<h2 class=\"elementor-heading-title elementor-size-default\">\n\nMomentos clave en nuestros proyectos mar\u00edtimos<\/h2>\t\t<\/div>\n\t\t\t\t<\/div>\n\t\t\t\t\t<\/div>\n\t\t<\/div>\n\t\t\t\t\t<\/div>\n\t\t<\/section>\n\t\t\t\t\t<\/div>\n\t\t<\/div>\n\t\t\t\t<div class=\"elementor-column elementor-col-50 elementor-top-column elementor-element elementor-element-37ab0756\" data-id=\"37ab0756\" data-element_type=\"column\">\n\t\t\t<div class=\"elementor-widget-wrap elementor-element-populated\">\n\t\t\t\t\t\t<div class=\"elementor-element elementor-element-7c88245 elementor-widget elementor-widget-text-editor\" data-id=\"7c88245\" data-element_type=\"widget\" data-widget_type=\"text-editor.default\">\n\t\t\t\t<div class=\"elementor-widget-container\">\n\t\t\t\t\t\t\t<p>Explora las reuniones, acuerdos y entrevistas que impulsan el \u00e9xito de nuestras iniciativas en el mundo mar\u00edtimo.<\/p>\t\t\t\t\t\t<\/div>\n\t\t\t\t<\/div>\n\t\t\t\t\t<\/div>\n\t\t<\/div>\n\t\t\t\t\t<\/div>\n\t\t<\/section>\n\t\t\t\t<section data-particle_enable=\"false\" data-particle-mobile-disabled=\"false\" class=\"elementor-section elementor-top-section elementor-element elementor-element-db4c91d elementor-section-boxed elementor-section-height-default elementor-section-height-default\" data-id=\"db4c91d\" data-element_type=\"section\" data-settings=\"{&quot;background_background&quot;:&quot;classic&quot;}\">\n\t\t\t\t\t\t<div class=\"elementor-container elementor-column-gap-default\">\n\t\t\t\t\t<div class=\"elementor-column elementor-col-100 elementor-top-column elementor-element elementor-element-8893803\" data-id=\"8893803\" data-element_type=\"column\">\n\t\t\t<div class=\"elementor-widget-wrap elementor-element-populated\">\n\t\t\t\t\t\t<div class=\"elementor-element elementor-element-245b36e elementor-widget elementor-widget-gallery\" data-id=\"245b36e\" data-element_type=\"widget\" data-settings=\"{&quot;gallery_layout&quot;:&quot;masonry&quot;,&quot;columns&quot;:3,&quot;gap&quot;:{&quot;unit&quot;:&quot;px&quot;,&quot;size&quot;:20,&quot;sizes&quot;:[]},&quot;lazyload&quot;:&quot;yes&quot;,&quot;columns_tablet&quot;:2,&quot;columns_mobile&quot;:1,&quot;gap_tablet&quot;:{&quot;unit&quot;:&quot;px&quot;,&quot;size&quot;:10,&quot;sizes&quot;:[]},&quot;gap_mobile&quot;:{&quot;unit&quot;:&quot;px&quot;,&quot;size&quot;:10,&quot;sizes&quot;:[]},&quot;link_to&quot;:&quot;file&quot;,&quot;overlay_background&quot;:&quot;yes&quot;,&quot;content_hover_animation&quot;:&quot;fade-in&quot;}\" data-widget_type=\"gallery.default\">\n\t\t\t\t<div class=\"elementor-widget-container\">\n\t\t\t\t\t<div class=\"elementor-gallery__container\">\n\t\t\t\t\t\t\t<a class=\"e-gallery-item elementor-gallery-item elementor-animated-content\" href=\"https:\/\/proyectosmaritimos.com\/wp-content\/uploads\/2024\/09\/galeria_1_proyectos_maritimos.png\" data-elementor-open-lightbox=\"yes\" data-elementor-lightbox-slideshow=\"245b36e\" data-elementor-lightbox-title=\"galeria_1_proyectos_maritimos\" data-e-action-hash=\"#elementor-action%3Aaction%3Dlightbox%26settings%3DeyJpZCI6MTY1MCwidXJsIjoiaHR0cHM6XC9cL3Byb3llY3Rvc21hcml0aW1vcy5jb21cL3dwLWNvbnRlbnRcL3VwbG9hZHNcLzIwMjRcLzA5XC9nYWxlcmlhXzFfcHJveWVjdG9zX21hcml0aW1vcy5wbmciLCJzbGlkZXNob3ciOiIyNDViMzZlIn0%3D\">\n\t\t\t\t\t<div class=\"e-gallery-image elementor-gallery-item__image\" data-thumbnail=\"https:\/\/proyectosmaritimos.com\/wp-content\/uploads\/2024\/09\/galeria_1_proyectos_maritimos.png\" data-width=\"1050\" data-height=\"660\" aria-label=\"\" role=\"img\" ><\/div>\n\t\t\t\t\t\t\t\t\t\t\t<div class=\"elementor-gallery-item__overlay\"><\/div>\n\t\t\t\t\t\t\t\t\t\t\t\t\t\t<\/a>\n\t\t\t\t\t\t\t<a class=\"e-gallery-item elementor-gallery-item elementor-animated-content\" href=\"https:\/\/proyectosmaritimos.com\/wp-content\/uploads\/2024\/09\/galeria_6_proyectos_maritimos.png\" data-elementor-open-lightbox=\"yes\" data-elementor-lightbox-slideshow=\"245b36e\" data-elementor-lightbox-title=\"galeria_6_proyectos_maritimos\" data-e-action-hash=\"#elementor-action%3Aaction%3Dlightbox%26settings%3DeyJpZCI6MTY1MywidXJsIjoiaHR0cHM6XC9cL3Byb3llY3Rvc21hcml0aW1vcy5jb21cL3dwLWNvbnRlbnRcL3VwbG9hZHNcLzIwMjRcLzA5XC9nYWxlcmlhXzZfcHJveWVjdG9zX21hcml0aW1vcy5wbmciLCJzbGlkZXNob3ciOiIyNDViMzZlIn0%3D\">\n\t\t\t\t\t<div class=\"e-gallery-image elementor-gallery-item__image\" data-thumbnail=\"https:\/\/proyectosmaritimos.com\/wp-content\/uploads\/2024\/09\/galeria_6_proyectos_maritimos.png\" data-width=\"500\" data-height=\"660\" aria-label=\"\" role=\"img\" ><\/div>\n\t\t\t\t\t\t\t\t\t\t\t<div class=\"elementor-gallery-item__overlay\"><\/div>\n\t\t\t\t\t\t\t\t\t\t\t\t\t\t<\/a>\n\t\t\t\t\t\t\t<a class=\"e-gallery-item elementor-gallery-item elementor-animated-content\" href=\"https:\/\/proyectosmaritimos.com\/wp-content\/uploads\/2024\/09\/galeria_7_proyectos_maritimos.png\" data-elementor-open-lightbox=\"yes\" data-elementor-lightbox-slideshow=\"245b36e\" data-elementor-lightbox-title=\"galeria_7_proyectos_maritimos\" data-e-action-hash=\"#elementor-action%3Aaction%3Dlightbox%26settings%3DeyJpZCI6MTY1NCwidXJsIjoiaHR0cHM6XC9cL3Byb3llY3Rvc21hcml0aW1vcy5jb21cL3dwLWNvbnRlbnRcL3VwbG9hZHNcLzIwMjRcLzA5XC9nYWxlcmlhXzdfcHJveWVjdG9zX21hcml0aW1vcy5wbmciLCJzbGlkZXNob3ciOiIyNDViMzZlIn0%3D\">\n\t\t\t\t\t<div class=\"e-gallery-image elementor-gallery-item__image\" data-thumbnail=\"https:\/\/proyectosmaritimos.com\/wp-content\/uploads\/2024\/09\/galeria_7_proyectos_maritimos.png\" data-width=\"500\" data-height=\"660\" aria-label=\"\" role=\"img\" ><\/div>\n\t\t\t\t\t\t\t\t\t\t\t<div class=\"elementor-gallery-item__overlay\"><\/div>\n\t\t\t\t\t\t\t\t\t\t\t\t\t\t<\/a>\n\t\t\t\t\t\t\t<a class=\"e-gallery-item elementor-gallery-item elementor-animated-content\" href=\"https:\/\/proyectosmaritimos.com\/wp-content\/uploads\/2024\/09\/galeria_3_proyectos_maritimos.png\" data-elementor-open-lightbox=\"yes\" data-elementor-lightbox-slideshow=\"245b36e\" data-elementor-lightbox-title=\"galeria_3_proyectos_maritimos\" data-e-action-hash=\"#elementor-action%3Aaction%3Dlightbox%26settings%3DeyJpZCI6MTY1OSwidXJsIjoiaHR0cHM6XC9cL3Byb3llY3Rvc21hcml0aW1vcy5jb21cL3dwLWNvbnRlbnRcL3VwbG9hZHNcLzIwMjRcLzA5XC9nYWxlcmlhXzNfcHJveWVjdG9zX21hcml0aW1vcy5wbmciLCJzbGlkZXNob3ciOiIyNDViMzZlIn0%3D\">\n\t\t\t\t\t<div class=\"e-gallery-image elementor-gallery-item__image\" data-thumbnail=\"https:\/\/proyectosmaritimos.com\/wp-content\/uploads\/2024\/09\/galeria_3_proyectos_maritimos.png\" data-width=\"1050\" data-height=\"660\" aria-label=\"\" role=\"img\" ><\/div>\n\t\t\t\t\t\t\t\t\t\t\t<div class=\"elementor-gallery-item__overlay\"><\/div>\n\t\t\t\t\t\t\t\t\t\t\t\t\t\t<\/a>\n\t\t\t\t\t\t\t<a class=\"e-gallery-item elementor-gallery-item elementor-animated-content\" href=\"https:\/\/proyectosmaritimos.com\/wp-content\/uploads\/2024\/09\/galeria_2_proyectos_maritimos.png\" data-elementor-open-lightbox=\"yes\" data-elementor-lightbox-slideshow=\"245b36e\" data-elementor-lightbox-title=\"galeria_2_proyectos_maritimos\" data-e-action-hash=\"#elementor-action%3Aaction%3Dlightbox%26settings%3DeyJpZCI6MTY1OCwidXJsIjoiaHR0cHM6XC9cL3Byb3llY3Rvc21hcml0aW1vcy5jb21cL3dwLWNvbnRlbnRcL3VwbG9hZHNcLzIwMjRcLzA5XC9nYWxlcmlhXzJfcHJveWVjdG9zX21hcml0aW1vcy5wbmciLCJzbGlkZXNob3ciOiIyNDViMzZlIn0%3D\">\n\t\t\t\t\t<div class=\"e-gallery-image elementor-gallery-item__image\" data-thumbnail=\"https:\/\/proyectosmaritimos.com\/wp-content\/uploads\/2024\/09\/galeria_2_proyectos_maritimos.png\" data-width=\"1050\" data-height=\"660\" aria-label=\"\" role=\"img\" ><\/div>\n\t\t\t\t\t\t\t\t\t\t\t<div class=\"elementor-gallery-item__overlay\"><\/div>\n\t\t\t\t\t\t\t\t\t\t\t\t\t\t<\/a>\n\t\t\t\t\t\t\t<a class=\"e-gallery-item elementor-gallery-item elementor-animated-content\" href=\"https:\/\/proyectosmaritimos.com\/wp-content\/uploads\/2024\/09\/galeria_4_proyectos_maritimos.png\" data-elementor-open-lightbox=\"yes\" data-elementor-lightbox-slideshow=\"245b36e\" data-elementor-lightbox-title=\"galeria_4_proyectos_maritimos\" data-e-action-hash=\"#elementor-action%3Aaction%3Dlightbox%26settings%3DeyJpZCI6MTY1MSwidXJsIjoiaHR0cHM6XC9cL3Byb3llY3Rvc21hcml0aW1vcy5jb21cL3dwLWNvbnRlbnRcL3VwbG9hZHNcLzIwMjRcLzA5XC9nYWxlcmlhXzRfcHJveWVjdG9zX21hcml0aW1vcy5wbmciLCJzbGlkZXNob3ciOiIyNDViMzZlIn0%3D\">\n\t\t\t\t\t<div class=\"e-gallery-image elementor-gallery-item__image\" data-thumbnail=\"https:\/\/proyectosmaritimos.com\/wp-content\/uploads\/2024\/09\/galeria_4_proyectos_maritimos.png\" data-width=\"500\" data-height=\"660\" aria-label=\"\" role=\"img\" ><\/div>\n\t\t\t\t\t\t\t\t\t\t\t<div class=\"elementor-gallery-item__overlay\"><\/div>\n\t\t\t\t\t\t\t\t\t\t\t\t\t\t<\/a>\n\t\t\t\t\t\t\t<a class=\"e-gallery-item elementor-gallery-item elementor-animated-content\" href=\"https:\/\/proyectosmaritimos.com\/wp-content\/uploads\/2024\/09\/galeria_5_proyectos_maritimos.png\" data-elementor-open-lightbox=\"yes\" data-elementor-lightbox-slideshow=\"245b36e\" data-elementor-lightbox-title=\"galeria_5_proyectos_maritimos\" data-e-action-hash=\"#elementor-action%3Aaction%3Dlightbox%26settings%3DeyJpZCI6MTY1MiwidXJsIjoiaHR0cHM6XC9cL3Byb3llY3Rvc21hcml0aW1vcy5jb21cL3dwLWNvbnRlbnRcL3VwbG9hZHNcLzIwMjRcLzA5XC9nYWxlcmlhXzVfcHJveWVjdG9zX21hcml0aW1vcy5wbmciLCJzbGlkZXNob3ciOiIyNDViMzZlIn0%3D\">\n\t\t\t\t\t<div class=\"e-gallery-image elementor-gallery-item__image\" data-thumbnail=\"https:\/\/proyectosmaritimos.com\/wp-content\/uploads\/2024\/09\/galeria_5_proyectos_maritimos.png\" data-width=\"500\" data-height=\"660\" aria-label=\"\" role=\"img\" ><\/div>\n\t\t\t\t\t\t\t\t\t\t\t<div class=\"elementor-gallery-item__overlay\"><\/div>\n\t\t\t\t\t\t\t\t\t\t\t\t\t\t<\/a>\n\t\t\t\t\t<\/div>\n\t\t\t<\/div>\n\t\t\t\t<\/div>\n\t\t\t\t\t<\/div>\n\t\t<\/div>\n\t\t\t\t\t<\/div>\n\t\t<\/section>\n\t\t\t\t<section data-particle_enable=\"false\" data-particle-mobile-disabled=\"false\" class=\"elementor-section elementor-top-section elementor-element elementor-element-1e628994 elementor-section-boxed elementor-section-height-default elementor-section-height-default\" data-id=\"1e628994\" data-element_type=\"section\" data-settings=\"{&quot;background_background&quot;:&quot;classic&quot;}\">\n\t\t\t\t\t\t<div class=\"elementor-container elementor-column-gap-default\">\n\t\t\t\t\t<div class=\"elementor-column elementor-col-100 elementor-top-column elementor-element elementor-element-72023fb5\" data-id=\"72023fb5\" data-element_type=\"column\">\n\t\t\t<div class=\"elementor-widget-wrap elementor-element-populated\">\n\t\t\t\t\t\t<div class=\"elementor-element elementor-element-6f59694 elementor-widget elementor-widget-gallery\" data-id=\"6f59694\" data-element_type=\"widget\" data-settings=\"{&quot;gallery_layout&quot;:&quot;masonry&quot;,&quot;columns&quot;:3,&quot;gap&quot;:{&quot;unit&quot;:&quot;px&quot;,&quot;size&quot;:20,&quot;sizes&quot;:[]},&quot;lazyload&quot;:&quot;yes&quot;,&quot;columns_tablet&quot;:2,&quot;columns_mobile&quot;:1,&quot;gap_tablet&quot;:{&quot;unit&quot;:&quot;px&quot;,&quot;size&quot;:10,&quot;sizes&quot;:[]},&quot;gap_mobile&quot;:{&quot;unit&quot;:&quot;px&quot;,&quot;size&quot;:10,&quot;sizes&quot;:[]},&quot;link_to&quot;:&quot;file&quot;,&quot;overlay_background&quot;:&quot;yes&quot;,&quot;content_hover_animation&quot;:&quot;fade-in&quot;}\" data-widget_type=\"gallery.default\">\n\t\t\t\t<div class=\"elementor-widget-container\">\n\t\t\t\t\t<div class=\"elementor-gallery__container\">\n\t\t\t\t\t\t\t<a class=\"e-gallery-item elementor-gallery-item elementor-animated-content\" href=\"https:\/\/proyectosmaritimos.com\/wp-content\/uploads\/2026\/04\/PROYECTOS_MARITIMOS_ERICK_VALDEZ_5.webp\" data-elementor-open-lightbox=\"yes\" data-elementor-lightbox-slideshow=\"6f59694\" data-elementor-lightbox-title=\"PROYECTOS_MARITIMOS_ERICK_VALDEZ_5\" data-e-action-hash=\"#elementor-action%3Aaction%3Dlightbox%26settings%3DeyJpZCI6MjI2MCwidXJsIjoiaHR0cHM6XC9cL3Byb3llY3Rvc21hcml0aW1vcy5jb21cL3dwLWNvbnRlbnRcL3VwbG9hZHNcLzIwMjZcLzA0XC9QUk9ZRUNUT1NfTUFSSVRJTU9TX0VSSUNLX1ZBTERFWl81LndlYnAiLCJzbGlkZXNob3ciOiI2ZjU5Njk0In0%3D\">\n\t\t\t\t\t<div class=\"e-gallery-image elementor-gallery-item__image\" data-thumbnail=\"https:\/\/proyectosmaritimos.com\/wp-content\/uploads\/2026\/04\/PROYECTOS_MARITIMOS_ERICK_VALDEZ_5.webp\" data-width=\"500\" data-height=\"660\" aria-label=\"\" role=\"img\" ><\/div>\n\t\t\t\t\t\t\t\t\t\t\t<div class=\"elementor-gallery-item__overlay\"><\/div>\n\t\t\t\t\t\t\t\t\t\t\t\t\t\t<\/a>\n\t\t\t\t\t\t\t<a class=\"e-gallery-item elementor-gallery-item elementor-animated-content\" href=\"https:\/\/proyectosmaritimos.com\/wp-content\/uploads\/2026\/04\/PROYECTOS_MARITIMOS_PERU-_GALERIA_OFICIAL.webp\" data-elementor-open-lightbox=\"yes\" data-elementor-lightbox-slideshow=\"6f59694\" data-elementor-lightbox-title=\"PROYECTOS_MARITIMOS_PERU-_GALERIA_OFICIAL\" data-e-action-hash=\"#elementor-action%3Aaction%3Dlightbox%26settings%3DeyJpZCI6MjI1MiwidXJsIjoiaHR0cHM6XC9cL3Byb3llY3Rvc21hcml0aW1vcy5jb21cL3dwLWNvbnRlbnRcL3VwbG9hZHNcLzIwMjZcLzA0XC9QUk9ZRUNUT1NfTUFSSVRJTU9TX1BFUlUtX0dBTEVSSUFfT0ZJQ0lBTC53ZWJwIiwic2xpZGVzaG93IjoiNmY1OTY5NCJ9\">\n\t\t\t\t\t<div class=\"e-gallery-image elementor-gallery-item__image\" data-thumbnail=\"https:\/\/proyectosmaritimos.com\/wp-content\/uploads\/2026\/04\/PROYECTOS_MARITIMOS_PERU-_GALERIA_OFICIAL.webp\" data-width=\"1050\" data-height=\"660\" aria-label=\"\" role=\"img\" ><\/div>\n\t\t\t\t\t\t\t\t\t\t\t<div class=\"elementor-gallery-item__overlay\"><\/div>\n\t\t\t\t\t\t\t\t\t\t\t\t\t\t<\/a>\n\t\t\t\t\t\t\t<a class=\"e-gallery-item elementor-gallery-item elementor-animated-content\" href=\"https:\/\/proyectosmaritimos.com\/wp-content\/uploads\/2026\/04\/PROYECTOS_MARITIMOS_PERU_ERICK_VALDEZ_3_.webp\" data-elementor-open-lightbox=\"yes\" data-elementor-lightbox-slideshow=\"6f59694\" data-elementor-lightbox-title=\"PROYECTOS_MARITIMOS_PERU_ERICK_VALDEZ_3_\" data-e-action-hash=\"#elementor-action%3Aaction%3Dlightbox%26settings%3DeyJpZCI6MjI1NiwidXJsIjoiaHR0cHM6XC9cL3Byb3llY3Rvc21hcml0aW1vcy5jb21cL3dwLWNvbnRlbnRcL3VwbG9hZHNcLzIwMjZcLzA0XC9QUk9ZRUNUT1NfTUFSSVRJTU9TX1BFUlVfRVJJQ0tfVkFMREVaXzNfLndlYnAiLCJzbGlkZXNob3ciOiI2ZjU5Njk0In0%3D\">\n\t\t\t\t\t<div class=\"e-gallery-image elementor-gallery-item__image\" data-thumbnail=\"https:\/\/proyectosmaritimos.com\/wp-content\/uploads\/2026\/04\/PROYECTOS_MARITIMOS_PERU_ERICK_VALDEZ_3_.webp\" data-width=\"1050\" data-height=\"660\" aria-label=\"\" role=\"img\" ><\/div>\n\t\t\t\t\t\t\t\t\t\t\t<div class=\"elementor-gallery-item__overlay\"><\/div>\n\t\t\t\t\t\t\t\t\t\t\t\t\t\t<\/a>\n\t\t\t\t\t<\/div>\n\t\t\t<\/div>\n\t\t\t\t<\/div>\n\t\t\t\t\t<\/div>\n\t\t<\/div>\n\t\t\t\t\t<\/div>\n\t\t<\/section>\n\t\t\t\t<\/div>\n\t\t","protected":false},"excerpt":{"rendered":"<p>Momentos clave en nuestros proyectos mar\u00edtimos Explora las reuniones, acuerdos y entrevistas que impulsan el \u00e9xito de nuestras iniciativas en el mundo mar\u00edtimo.<\/p>\n","protected":false},"author":1,"featured_media":0,"parent":0,"menu_order":0,"comment_status":"closed","ping_status":"closed","template":"elementor_header_footer","meta":{"footnotes":""},"class_list":["post-1617","page","type-page","status-publish","hentry"],"yoast_head":"<!-- This site is optimized with the Yoast SEO plugin v23.6 - https:\/\/yoast.com\/wordpress\/plugins\/seo\/ -->\n<title>Galer\u00eda | Proyectos Maritimos<\/title>\n<meta name=\"robots\" content=\"index, follow, max-snippet:-1, max-image-preview:large, max-video-preview:-1\" \/>\n<link rel=\"canonical\" href=\"https:\/\/proyectosmaritimos.com\/es_es\/galeria\/\" \/>\n<meta property=\"og:locale\" content=\"es_ES\" \/>\n<meta property=\"og:type\" content=\"article\" \/>\n<meta property=\"og:title\" content=\"Galer\u00eda | Proyectos Maritimos\" \/>\n<meta property=\"og:description\" content=\"Momentos clave en nuestros proyectos mar\u00edtimos Explora las reuniones, acuerdos y entrevistas que impulsan el \u00e9xito de nuestras iniciativas en el mundo mar\u00edtimo.\" \/>\n<meta property=\"og:url\" content=\"https:\/\/proyectosmaritimos.com\/es_es\/galeria\/\" \/>\n<meta property=\"og:site_name\" content=\"Proyectos Maritimos\" \/>\n<meta property=\"article:modified_time\" content=\"2026-04-28T21:09:37+00:00\" \/>\n<meta property=\"og:image\" content=\"https:\/\/proyectosmaritimos.com\/wp-content\/uploads\/2024\/09\/logo.png\" \/>\n\t<meta property=\"og:image:width\" content=\"1200\" \/>\n\t<meta property=\"og:image:height\" content=\"675\" \/>\n\t<meta property=\"og:image:type\" content=\"image\/png\" \/>\n<meta name=\"twitter:card\" content=\"summary_large_image\" \/>\n<meta name=\"twitter:label1\" content=\"Tiempo de lectura\" \/>\n\t<meta name=\"twitter:data1\" content=\"1 minuto\" \/>\n<script type=\"application\/ld+json\" class=\"yoast-schema-graph\">{\"@context\":\"https:\/\/schema.org\",\"@graph\":[{\"@type\":\"WebPage\",\"@id\":\"https:\/\/proyectosmaritimos.com\/galeria\/\",\"url\":\"https:\/\/proyectosmaritimos.com\/galeria\/\",\"name\":\"Galer\u00eda | Proyectos Maritimos\",\"isPartOf\":{\"@id\":\"https:\/\/proyectosmaritimos.com\/es_es\/#website\"},\"datePublished\":\"2024-09-29T16:19:13+00:00\",\"dateModified\":\"2026-04-28T21:09:37+00:00\",\"breadcrumb\":{\"@id\":\"https:\/\/proyectosmaritimos.com\/galeria\/#breadcrumb\"},\"inLanguage\":\"es\",\"potentialAction\":[{\"@type\":\"ReadAction\",\"target\":[\"https:\/\/proyectosmaritimos.com\/galeria\/\"]}]},{\"@type\":\"BreadcrumbList\",\"@id\":\"https:\/\/proyectosmaritimos.com\/galeria\/#breadcrumb\",\"itemListElement\":[{\"@type\":\"ListItem\",\"position\":1,\"name\":\"Portada\",\"item\":\"https:\/\/proyectosmaritimos.com\/\"},{\"@type\":\"ListItem\",\"position\":2,\"name\":\"Galer\u00eda\"}]},{\"@type\":\"WebSite\",\"@id\":\"https:\/\/proyectosmaritimos.com\/es_es\/#website\",\"url\":\"https:\/\/proyectosmaritimos.com\/es_es\/\",\"name\":\"Proyectos Mar\u00edtimos\",\"description\":\"Realizamos  proyectos mar\u00edtimos  y portuarios en Per\u00fa.  Facilitamos el comercio mar\u00edtimo  entre pa\u00edses.\",\"publisher\":{\"@id\":\"https:\/\/proyectosmaritimos.com\/es_es\/#organization\"},\"alternateName\":\"proyectosmaritimos.com\",\"potentialAction\":[{\"@type\":\"SearchAction\",\"target\":{\"@type\":\"EntryPoint\",\"urlTemplate\":\"https:\/\/proyectosmaritimos.com\/es_es\/?s={search_term_string}\"},\"query-input\":{\"@type\":\"PropertyValueSpecification\",\"valueRequired\":true,\"valueName\":\"search_term_string\"}}],\"inLanguage\":\"es\"},{\"@type\":\"Organization\",\"@id\":\"https:\/\/proyectosmaritimos.com\/es_es\/#organization\",\"name\":\"Proyectos Mar\u00edtimos\",\"alternateName\":\"proyectosmaritimos.com\",\"url\":\"https:\/\/proyectosmaritimos.com\/es_es\/\",\"logo\":{\"@type\":\"ImageObject\",\"inLanguage\":\"es\",\"@id\":\"https:\/\/proyectosmaritimos.com\/es_es\/#\/schema\/logo\/image\/\",\"url\":\"https:\/\/proyectosmaritimos.com\/wp-content\/uploads\/2024\/09\/cropped-FAVICON_PROYECTOS_MARITIMOS.png\",\"contentUrl\":\"https:\/\/proyectosmaritimos.com\/wp-content\/uploads\/2024\/09\/cropped-FAVICON_PROYECTOS_MARITIMOS.png\",\"width\":512,\"height\":512,\"caption\":\"Proyectos Mar\u00edtimos\"},\"image\":{\"@id\":\"https:\/\/proyectosmaritimos.com\/es_es\/#\/schema\/logo\/image\/\"}}]}<\/script>\n<!-- \/ Yoast SEO plugin. -->","yoast_head_json":{"title":"Galer\u00eda | Proyectos Maritimos","robots":{"index":"index","follow":"follow","max-snippet":"max-snippet:-1","max-image-preview":"max-image-preview:large","max-video-preview":"max-video-preview:-1"},"canonical":"https:\/\/proyectosmaritimos.com\/es_es\/galeria\/","og_locale":"es_ES","og_type":"article","og_title":"Galer\u00eda | Proyectos Maritimos","og_description":"Momentos clave en nuestros proyectos mar\u00edtimos Explora las reuniones, acuerdos y entrevistas que impulsan el \u00e9xito de nuestras iniciativas en el mundo mar\u00edtimo.","og_url":"https:\/\/proyectosmaritimos.com\/es_es\/galeria\/","og_site_name":"Proyectos Maritimos","article_modified_time":"2026-04-28T21:09:37+00:00","og_image":[{"width":1200,"height":675,"url":"https:\/\/proyectosmaritimos.com\/wp-content\/uploads\/2024\/09\/logo.png","type":"image\/png"}],"twitter_card":"summary_large_image","twitter_misc":{"Tiempo de lectura":"1 minuto"},"schema":{"@context":"https:\/\/schema.org","@graph":[{"@type":"WebPage","@id":"https:\/\/proyectosmaritimos.com\/galeria\/","url":"https:\/\/proyectosmaritimos.com\/galeria\/","name":"Galer\u00eda | Proyectos Maritimos","isPartOf":{"@id":"https:\/\/proyectosmaritimos.com\/es_es\/#website"},"datePublished":"2024-09-29T16:19:13+00:00","dateModified":"2026-04-28T21:09:37+00:00","breadcrumb":{"@id":"https:\/\/proyectosmaritimos.com\/galeria\/#breadcrumb"},"inLanguage":"es","potentialAction":[{"@type":"ReadAction","target":["https:\/\/proyectosmaritimos.com\/galeria\/"]}]},{"@type":"BreadcrumbList","@id":"https:\/\/proyectosmaritimos.com\/galeria\/#breadcrumb","itemListElement":[{"@type":"ListItem","position":1,"name":"Portada","item":"https:\/\/proyectosmaritimos.com\/"},{"@type":"ListItem","position":2,"name":"Galer\u00eda"}]},{"@type":"WebSite","@id":"https:\/\/proyectosmaritimos.com\/es_es\/#website","url":"https:\/\/proyectosmaritimos.com\/es_es\/","name":"Proyectos Mar\u00edtimos","description":"Realizamos  proyectos mar\u00edtimos  y portuarios en Per\u00fa.  Facilitamos el comercio mar\u00edtimo  entre pa\u00edses.","publisher":{"@id":"https:\/\/proyectosmaritimos.com\/es_es\/#organization"},"alternateName":"proyectosmaritimos.com","potentialAction":[{"@type":"SearchAction","target":{"@type":"EntryPoint","urlTemplate":"https:\/\/proyectosmaritimos.com\/es_es\/?s={search_term_string}"},"query-input":{"@type":"PropertyValueSpecification","valueRequired":true,"valueName":"search_term_string"}}],"inLanguage":"es"},{"@type":"Organization","@id":"https:\/\/proyectosmaritimos.com\/es_es\/#organization","name":"Proyectos Mar\u00edtimos","alternateName":"proyectosmaritimos.com","url":"https:\/\/proyectosmaritimos.com\/es_es\/","logo":{"@type":"ImageObject","inLanguage":"es","@id":"https:\/\/proyectosmaritimos.com\/es_es\/#\/schema\/logo\/image\/","url":"https:\/\/proyectosmaritimos.com\/wp-content\/uploads\/2024\/09\/cropped-FAVICON_PROYECTOS_MARITIMOS.png","contentUrl":"https:\/\/proyectosmaritimos.com\/wp-content\/uploads\/2024\/09\/cropped-FAVICON_PROYECTOS_MARITIMOS.png","width":512,"height":512,"caption":"Proyectos Mar\u00edtimos"},"image":{"@id":"https:\/\/proyectosmaritimos.com\/es_es\/#\/schema\/logo\/image\/"}}]}},"_links":{"self":[{"href":"https:\/\/proyectosmaritimos.com\/es_es\/wp-json\/wp\/v2\/pages\/1617","targetHints":{"allow":["GET"]}}],"collection":[{"href":"https:\/\/proyectosmaritimos.com\/es_es\/wp-json\/wp\/v2\/pages"}],"about":[{"href":"https:\/\/proyectosmaritimos.com\/es_es\/wp-json\/wp\/v2\/types\/page"}],"author":[{"embeddable":true,"href":"https:\/\/proyectosmaritimos.com\/es_es\/wp-json\/wp\/v2\/users\/1"}],"replies":[{"embeddable":true,"href":"https:\/\/proyectosmaritimos.com\/es_es\/wp-json\/wp\/v2\/comments?post=1617"}],"version-history":[{"count":37,"href":"https:\/\/proyectosmaritimos.com\/es_es\/wp-json\/wp\/v2\/pages\/1617\/revisions"}],"predecessor-version":[{"id":2263,"href":"https:\/\/proyectosmaritimos.com\/es_es\/wp-json\/wp\/v2\/pages\/1617\/revisions\/2263"}],"wp:attachment":[{"href":"https:\/\/proyectosmaritimos.com\/es_es\/wp-json\/wp\/v2\/media?parent=1617"}],"curies":[{"name":"wp","href":"https:\/\/api.w.org\/{rel}","templated":true}]}}